{"id":95,"date":"2023-12-01T11:42:47","date_gmt":"2023-12-01T10:42:47","guid":{"rendered":"https:\/\/melbaconception.fr\/?page_id=95"},"modified":"2025-10-10T15:34:23","modified_gmt":"2025-10-10T13:34:23","slug":"votre-maitre-doeuvre","status":"publish","type":"page","link":"https:\/\/melbaconception.fr\/index.php\/votre-maitre-doeuvre\/","title":{"rendered":"Votre Ma\u00eetre d\u2019\u0153uvre"},"content":{"rendered":"\n<p class=\"has-text-align-center\">M\u00e9lody Poirier<\/p>\n\n\n\n<figure class=\"wp-block-image aligncenter size-large is-resized\"><img loading=\"lazy\" decoding=\"async\" width=\"995\" height=\"1024\" src=\"https:\/\/melbaconception.fr\/wp-content\/uploads\/2025\/10\/photo-de-profil-melo-1-995x1024.jpg\" alt=\"\" class=\"wp-image-244\" style=\"width:320px;height:auto\" srcset=\"https:\/\/melbaconception.fr\/wp-content\/uploads\/2025\/10\/photo-de-profil-melo-1-995x1024.jpg 995w, https:\/\/melbaconception.fr\/wp-content\/uploads\/2025\/10\/photo-de-profil-melo-1-291x300.jpg 291w, https:\/\/melbaconception.fr\/wp-content\/uploads\/2025\/10\/photo-de-profil-melo-1-768x791.jpg 768w, https:\/\/melbaconception.fr\/wp-content\/uploads\/2025\/10\/photo-de-profil-melo-1.jpg 1014w\" sizes=\"auto, (max-width: 995px) 100vw, 995px\" \/><\/figure>\n\n\n\n<p>M\u00e9lody a d\u00e9but\u00e9 en travaillant dans l\u2019a\u00e9ronautique dans un service de M\u00e9thode Industrielle, dans une entreprise de renommer mondiale, ce qui lui a permis d\u2019acqu\u00e9rir de la rigueur.<\/p>\n\n\n\n<p>Elle s\u2019est lanc\u00e9e par plaisir dans les dessins de maison, l\u2019imagination de r\u00e9am\u00e9nagement de pi\u00e8ces, et sur ses r\u00e9novations personnelles.<\/p>\n\n\n\n<p>Dans la Rubrique \u00ab&nbsp;Nos r\u00e9alisations&nbsp;\u00bb vous pouvez voir des r\u00e9alisations personnelles comme un r\u00e9am\u00e9nagement d\u2019une grande en maison de deux chambres.<\/p>\n\n\n\n<p>Le plaisir de cr\u00e9er ces r\u00e9am\u00e9nagements m\u2019a conduite \u00e0 revenir de nouveau sur les bancs de l\u2019\u00e9cole pour obtenir son BTS B\u00e2timent afin de cr\u00e9er son entreprise.<\/p>\n\n\n\n<p>Afin de faire face aux \u00e9ventuels al\u00e9as d\u2019une r\u00e9novation ou d\u2019une construction, elle s\u2019engage \u00e0 vous accompagner \u00e0 100%, avec rigueur et professionnalisme<\/p>\n\n\n\n<p><\/p>\n","protected":false},"excerpt":{"rendered":"<p>M\u00e9lody Poirier M\u00e9lody a d\u00e9but\u00e9 en travaillant dans l\u2019a\u00e9ronautique dans un service de M\u00e9thode Industrielle, dans une entreprise de renommer mondiale, ce qui lui a permis d\u2019acqu\u00e9rir de la rigueur. Elle s\u2019est lanc\u00e9e par plaisir dans les dessins de maison, l\u2019imagination de r\u00e9am\u00e9nagement de pi\u00e8ces, et sur ses r\u00e9novations personnelles. Dans la Rubrique \u00ab&nbsp;Nos r\u00e9alisations&nbsp;\u00bb [&hellip;]<\/p>\n","protected":false},"author":1,"featured_media":0,"parent":0,"menu_order":0,"comment_status":"closed","ping_status":"closed","template":"","meta":{"om_disable_all_campaigns":false,"_monsterinsights_skip_tracking":false,"_monsterinsights_sitenote_active":false,"_monsterinsights_sitenote_note":"","_monsterinsights_sitenote_category":0,"footnotes":""},"class_list":["post-95","page","type-page","status-publish","hentry"],"aioseo_notices":[],"jetpack_sharing_enabled":true,"jetpack-related-posts":[{"id":30,"url":"https:\/\/melbaconception.fr\/index.php\/nos-realisations\/","url_meta":{"origin":95,"position":0},"title":"Nos R\u00e9alisations","author":"admin8994","date":"12 octobre 2023","format":false,"excerpt":"Voici quelques unes de nos r\u00e9alisations : L'ann\u00e9e 2025 en revu : ~~~~~~~~~~~~~~~~~~~~~~~~~~~~~~~~~~~~~~~~~~~~~~~~~~~~~~~~~~~~~ R\u00e9alisation d'une maison neuve, sur la commune d'Echillais : ~~~~~~~~~~~~~~~~~~~~~~~~~~~~~~~~~~~~~~~~~~~~~~~~~~~~~~~~~~~~~ R\u00e9alisation de cabinet comptable : ~~~~~~~~~~~~~~~~~~~~~~~~~~~~~~~~~~~~~~~~~~~~~~~~~~~~~~~~~~~~~ R\u00e9novation d'une cantine : ~~~~~~~~~~~~~~~~~~~~~~~~~~~~~~~~~~~~~~~~~~~~~~~~~~~~~~~~~~~~~ Du r\u00eave \u00e0 la r\u00e9alit\u00e9 : ~~~~~~~~~~~~~~~~~~~~~~~~~~~~~~~~~~~~~~~~~~~~~~~~~~~~~~~~~~~~~ R\u00e9alisation d'une maison neuve sur Saint-Agnant : ~~~~~~~~~~~~~~~~~~~~~~~~~~~~~~~~~~~~~~~~~~~~~~~~~~~~~~~~~~~~~ R\u00e9novation\u2026","rel":"","context":"Article similaire","block_context":{"text":"Article similaire","link":""},"img":{"alt_text":"","src":"https:\/\/i0.wp.com\/melbaconception.fr\/wp-content\/uploads\/2025\/09\/IMG_5052-1-scaled.jpg?resize=350%2C200&ssl=1","width":350,"height":200,"srcset":"https:\/\/i0.wp.com\/melbaconception.fr\/wp-content\/uploads\/2025\/09\/IMG_5052-1-scaled.jpg?resize=350%2C200&ssl=1 1x, https:\/\/i0.wp.com\/melbaconception.fr\/wp-content\/uploads\/2025\/09\/IMG_5052-1-scaled.jpg?resize=525%2C300&ssl=1 1.5x, https:\/\/i0.wp.com\/melbaconception.fr\/wp-content\/uploads\/2025\/09\/IMG_5052-1-scaled.jpg?resize=700%2C400&ssl=1 2x, https:\/\/i0.wp.com\/melbaconception.fr\/wp-content\/uploads\/2025\/09\/IMG_5052-1-scaled.jpg?resize=1050%2C600&ssl=1 3x, https:\/\/i0.wp.com\/melbaconception.fr\/wp-content\/uploads\/2025\/09\/IMG_5052-1-scaled.jpg?resize=1400%2C800&ssl=1 4x"},"classes":[]},{"id":25,"url":"https:\/\/melbaconception.fr\/index.php\/nos-prestations\/","url_meta":{"origin":95,"position":1},"title":"Nos Prestations :","author":"admin8994","date":"11 octobre 2023","format":false,"excerpt":"~~~~~~~~~~~~~~~~~~~~~~~~~~~~~~~~~~~~~~~~~~~~~~~~~~~~~~~~~~~~ CONSTRUCTION NEUVE Nous prenons en charge tout ce qui fait la complexit\u00e9 d\u2019un projet : \u00c9tapesCe que nous faisonsRecherche terrainS\u00e9lection, analyse, conseils techniquesConceptionPlans, optimisation de l\u2019espace, adaptations sur mesureAdministratifGestion compl\u00e8te du permis + RE2020FinancierDevis, factures, organisation des postesChantierR\u00e9unions + suivi + comptes-rendus r\u00e9guliersAssistance\u00c0 vos c\u00f4t\u00e9s jusqu\u2019\u00e0 la remise des\u2026","rel":"","context":"Article similaire","block_context":{"text":"Article similaire","link":""},"img":{"alt_text":"","src":"","width":0,"height":0},"classes":[]},{"id":62,"url":"https:\/\/melbaconception.fr\/index.php\/notre-mission\/","url_meta":{"origin":95,"position":2},"title":"Notre mission :","author":"admin8994","date":"12 octobre 2023","format":false,"excerpt":"\ud83c\udfe1 Votre projet, notre mission : Construire ou r\u00e9nover un logement n'est pas qu'une \u00e9tape de vie , c'est souvent le projet d'une vie.Chez Melba conception, nous vous accompagnons dans chaque d\u00e9cision, chaque choix et chaque \u00e9tape, avec une volont\u00e9 claire :que vous deveniez propri\u00e9taire sereinement, au prix le plus\u2026","rel":"","context":"Article similaire","block_context":{"text":"Article similaire","link":""},"img":{"alt_text":"","src":"","width":0,"height":0},"classes":[]},{"id":2,"url":"https:\/\/melbaconception.fr\/index.php\/page-d-exemple\/","url_meta":{"origin":95,"position":3},"title":"Terrains","author":"admin8994","date":"11 octobre 2023","format":false,"excerpt":"Voici quelques terrains disponibles chez nos diff\u00e9rents partenaires : ~~~~~~~~~~~~~~~~~~~~~~~~~~~~~~~~~~~~~~~~~~~~~~~~~~~~~~~~~~~~~ Terrain disponible \u00e0 Bignay : ~~~~~~~~~~~~~~~~~~~~~~~~~~~~~~~~~~~~~~~~~~~~~~~~~~~~~~~~~~~~~ Terrain \u00e0 15 min de Saintes 689m\u00b2 \u00e0 59 000\u20ac ~~~~~~~~~~~~~~~~~~~~~~~~~~~~~~~~~~~~~~~~~~~~~~~~~~~~~~~~~~~~~ Terrains Beauvais sur Matha Un v\u00e9ritable coup de C\u0153ur pour ces terrains entre 750 et 890m\u00b2 \u00e0 moins de 20 000\u20ac, Viabilis\u00e9s. Id\u00e9alement\u2026","rel":"","context":"Article similaire","block_context":{"text":"Article similaire","link":""},"img":{"alt_text":"","src":"https:\/\/i0.wp.com\/melbaconception.fr\/wp-content\/uploads\/2023\/10\/terraiin-BsM-1.jpg?resize=350%2C200&ssl=1","width":350,"height":200},"classes":[]},{"id":248,"url":"https:\/\/melbaconception.fr\/index.php\/demande-de-devis-2\/","url_meta":{"origin":95,"position":4},"title":"Estimez le co\u00fbt de votre construction gratuitement.","author":"Ana\u00efs Blanchet","date":"24 octobre 2025","format":false,"excerpt":"Ce formulaire vous permet d'obtenir une estimation personnalis\u00e9e et gratuite du co\u00fbt de construction de votre maison avec Melba conception.Suite \u00e0 cela, vous recevrez une id\u00e9e globale du budget \u00e0 pr\u00e9voir pour votre projet.Cette estimation est donn\u00e9e \u00e0 titre indicatif et pourra \u00eatre affin\u00e9 avec un devis d\u00e9taill\u00e9 lors d'un\u2026","rel":"","context":"Article similaire","block_context":{"text":"Article similaire","link":""},"img":{"alt_text":"","src":"","width":0,"height":0},"classes":[]},{"id":51,"url":"https:\/\/melbaconception.fr\/index.php\/terrains-maisons\/","url_meta":{"origin":95,"position":5},"title":"Terrains + Maisons","author":"admin8994","date":"12 octobre 2023","format":false,"excerpt":"Simply by Melba conception ~~~~~~~~~~~~~~~~~~~~~~~~~~~~~~~~~~~~~~~~~~~~~~~~~~~~~~~~~~~~ ~~~~~~~~~~~~~~~~~~~~~~~~~~~~~~~~~~~~~~~~~~~~~~~~~~~~~~~~~~~~~ Simulation de construction sur la commune de Saintes https:\/\/www.canva.com\/design\/DAG2-twn0cg\/mDoADd6bM26xdAiPFNGxQw\/view?embed Votre future construction sur la commune de saintes par anais blanchet ~~~~~~~~~~~~~~~~~~~~~~~~~~~~~~~~~~~~~~~~~~~~~~~~~~~~~~~~~~~~ Simulation de construction sur la commune de Meursac ~~~~~~~~~~~~~~~~~~~~~~~~~~~~~~~~~~~~~~~~~~~~~~~~~~~~~~~~~~~~~ Simulation de construction sur la commune de M\u00e9dis : ~~~~~~~~~~~~~~~~~~~~~~~~~~~~~~~~~~~~~~~~~~~~~~~~~~~~~~~~~~~~~ Simulation de construction sur\u2026","rel":"","context":"Article similaire","block_context":{"text":"Article similaire","link":""},"img":{"alt_text":"","src":"https:\/\/i0.wp.com\/melbaconception.fr\/wp-content\/uploads\/2025\/10\/maison-90-m\u00b2-avec-garage-au-mathes.jpg?resize=350%2C200&ssl=1","width":350,"height":200,"srcset":"https:\/\/i0.wp.com\/melbaconception.fr\/wp-content\/uploads\/2025\/10\/maison-90-m\u00b2-avec-garage-au-mathes.jpg?resize=350%2C200&ssl=1 1x, https:\/\/i0.wp.com\/melbaconception.fr\/wp-content\/uploads\/2025\/10\/maison-90-m\u00b2-avec-garage-au-mathes.jpg?resize=525%2C300&ssl=1 1.5x, https:\/\/i0.wp.com\/melbaconception.fr\/wp-content\/uploads\/2025\/10\/maison-90-m\u00b2-avec-garage-au-mathes.jpg?resize=700%2C400&ssl=1 2x, https:\/\/i0.wp.com\/melbaconception.fr\/wp-content\/uploads\/2025\/10\/maison-90-m\u00b2-avec-garage-au-mathes.jpg?resize=1050%2C600&ssl=1 3x, https:\/\/i0.wp.com\/melbaconception.fr\/wp-content\/uploads\/2025\/10\/maison-90-m\u00b2-avec-garage-au-mathes.jpg?resize=1400%2C800&ssl=1 4x"},"classes":[]}],"_links":{"self":[{"href":"https:\/\/melbaconception.fr\/index.php\/wp-json\/wp\/v2\/pages\/95","targetHints":{"allow":["GET"]}}],"collection":[{"href":"https:\/\/melbaconception.fr\/index.php\/wp-json\/wp\/v2\/pages"}],"about":[{"href":"https:\/\/melbaconception.fr\/index.php\/wp-json\/wp\/v2\/types\/page"}],"author":[{"embeddable":true,"href":"https:\/\/melbaconception.fr\/index.php\/wp-json\/wp\/v2\/users\/1"}],"replies":[{"embeddable":true,"href":"https:\/\/melbaconception.fr\/index.php\/wp-json\/wp\/v2\/comments?post=95"}],"version-history":[{"count":5,"href":"https:\/\/melbaconception.fr\/index.php\/wp-json\/wp\/v2\/pages\/95\/revisions"}],"predecessor-version":[{"id":245,"href":"https:\/\/melbaconception.fr\/index.php\/wp-json\/wp\/v2\/pages\/95\/revisions\/245"}],"wp:attachment":[{"href":"https:\/\/melbaconception.fr\/index.php\/wp-json\/wp\/v2\/media?parent=95"}],"curies":[{"name":"wp","href":"https:\/\/api.w.org\/{rel}","templated":true}]}}