{"id":49,"date":"2023-10-12T00:52:10","date_gmt":"2023-10-11T22:52:10","guid":{"rendered":"https:\/\/melbaconception.fr\/?page_id=49"},"modified":"2025-12-10T14:11:50","modified_gmt":"2025-12-10T13:11:50","slug":"nos-partenaires","status":"publish","type":"page","link":"https:\/\/melbaconception.fr\/index.php\/nos-partenaires\/","title":{"rendered":"Nos partenaires"},"content":{"rendered":"\n<figure class=\"wp-block-video\"><video height=\"1080\" style=\"aspect-ratio: 1920 \/ 1080;\" width=\"1920\" controls src=\"https:\/\/melbaconception.fr\/wp-content\/uploads\/2025\/12\/site-internet.mp4\"><\/video><\/figure>\n","protected":false},"excerpt":{"rendered":"","protected":false},"author":1,"featured_media":0,"parent":0,"menu_order":0,"comment_status":"closed","ping_status":"closed","template":"","meta":{"om_disable_all_campaigns":false,"_monsterinsights_skip_tracking":false,"_monsterinsights_sitenote_active":false,"_monsterinsights_sitenote_note":"","_monsterinsights_sitenote_category":0,"footnotes":""},"class_list":["post-49","page","type-page","status-publish","hentry"],"aioseo_notices":[],"jetpack_sharing_enabled":true,"jetpack-related-posts":[{"id":2,"url":"https:\/\/melbaconception.fr\/index.php\/page-d-exemple\/","url_meta":{"origin":49,"position":0},"title":"Terrains","author":"admin8994","date":"11 octobre 2023","format":false,"excerpt":"Voici quelques terrains disponibles chez nos diff\u00e9rents partenaires : ~~~~~~~~~~~~~~~~~~~~~~~~~~~~~~~~~~~~~~~~~~~~~~~~~~~~~~~~~~~~~ Terrain disponible \u00e0 Bignay : ~~~~~~~~~~~~~~~~~~~~~~~~~~~~~~~~~~~~~~~~~~~~~~~~~~~~~~~~~~~~~ Terrain \u00e0 15 min de Saintes 689m\u00b2 \u00e0 59 000\u20ac ~~~~~~~~~~~~~~~~~~~~~~~~~~~~~~~~~~~~~~~~~~~~~~~~~~~~~~~~~~~~~ Terrains Beauvais sur Matha Un v\u00e9ritable coup de C\u0153ur pour ces terrains entre 750 et 890m\u00b2 \u00e0 moins de 20 000\u20ac, Viabilis\u00e9s. Id\u00e9alement\u2026","rel":"","context":"Article similaire","block_context":{"text":"Article similaire","link":""},"img":{"alt_text":"","src":"https:\/\/i0.wp.com\/melbaconception.fr\/wp-content\/uploads\/2023\/10\/terraiin-BsM-1.jpg?resize=350%2C200&ssl=1","width":350,"height":200},"classes":[]},{"id":62,"url":"https:\/\/melbaconception.fr\/index.php\/notre-mission\/","url_meta":{"origin":49,"position":1},"title":"Notre mission :","author":"admin8994","date":"12 octobre 2023","format":false,"excerpt":"\ud83c\udfe1 Votre projet, notre mission : Construire ou r\u00e9nover un logement n'est pas qu'une \u00e9tape de vie , c'est souvent le projet d'une vie.Chez Melba conception, nous vous accompagnons dans chaque d\u00e9cision, chaque choix et chaque \u00e9tape, avec une volont\u00e9 claire :que vous deveniez propri\u00e9taire sereinement, au prix le plus\u2026","rel":"","context":"Article similaire","block_context":{"text":"Article similaire","link":""},"img":{"alt_text":"","src":"","width":0,"height":0},"classes":[]}],"_links":{"self":[{"href":"https:\/\/melbaconception.fr\/index.php\/wp-json\/wp\/v2\/pages\/49","targetHints":{"allow":["GET"]}}],"collection":[{"href":"https:\/\/melbaconception.fr\/index.php\/wp-json\/wp\/v2\/pages"}],"about":[{"href":"https:\/\/melbaconception.fr\/index.php\/wp-json\/wp\/v2\/types\/page"}],"author":[{"embeddable":true,"href":"https:\/\/melbaconception.fr\/index.php\/wp-json\/wp\/v2\/users\/1"}],"replies":[{"embeddable":true,"href":"https:\/\/melbaconception.fr\/index.php\/wp-json\/wp\/v2\/comments?post=49"}],"version-history":[{"count":4,"href":"https:\/\/melbaconception.fr\/index.php\/wp-json\/wp\/v2\/pages\/49\/revisions"}],"predecessor-version":[{"id":331,"href":"https:\/\/melbaconception.fr\/index.php\/wp-json\/wp\/v2\/pages\/49\/revisions\/331"}],"wp:attachment":[{"href":"https:\/\/melbaconception.fr\/index.php\/wp-json\/wp\/v2\/media?parent=49"}],"curies":[{"name":"wp","href":"https:\/\/api.w.org\/{rel}","templated":true}]}}