{"id":210,"date":"2025-09-18T15:12:47","date_gmt":"2025-09-18T13:12:47","guid":{"rendered":"https:\/\/melbaconception.fr\/?page_id=210"},"modified":"2026-03-06T14:50:15","modified_gmt":"2026-03-06T13:50:15","slug":"plans-sur-mesure","status":"publish","type":"page","link":"https:\/\/melbaconception.fr\/index.php\/plans-sur-mesure\/","title":{"rendered":"Plans sur mesure"},"content":{"rendered":"\n<p class=\"has-text-align-center\">Nous r\u00e9alisons des maisons sur mesure, rectangulaire, en L, en T, et m\u00eame en H&#8230;<\/p>\n\n\n\n<p>~~~~~~~~~~~~~~~~~~~~~~~~~~~~~~~~~~~~~~~~~~~~~~~~~~~~~~~~~~~~~<\/p>\n\n\n\n<figure class=\"wp-block-image size-large\"><img loading=\"lazy\" decoding=\"async\" width=\"1024\" height=\"576\" src=\"http:\/\/melbaconception.fr\/wp-content\/uploads\/2026\/03\/imageHD2025-12-29_041907-1024x576.jpg\" alt=\"\" class=\"wp-image-399\" srcset=\"https:\/\/melbaconception.fr\/wp-content\/uploads\/2026\/03\/imageHD2025-12-29_041907-1024x576.jpg 1024w, https:\/\/melbaconception.fr\/wp-content\/uploads\/2026\/03\/imageHD2025-12-29_041907-300x169.jpg 300w, https:\/\/melbaconception.fr\/wp-content\/uploads\/2026\/03\/imageHD2025-12-29_041907-768x432.jpg 768w, https:\/\/melbaconception.fr\/wp-content\/uploads\/2026\/03\/imageHD2025-12-29_041907-1536x864.jpg 1536w, https:\/\/melbaconception.fr\/wp-content\/uploads\/2026\/03\/imageHD2025-12-29_041907.jpg 1920w\" sizes=\"auto, (max-width: 1024px) 100vw, 1024px\" \/><\/figure>\n\n\n\n<figure class=\"wp-block-image size-large\"><img loading=\"lazy\" decoding=\"async\" width=\"1024\" height=\"576\" src=\"https:\/\/melbaconception.fr\/wp-content\/uploads\/2025\/12\/imageHD2025-12-05_015954-1-1024x576.jpg\" alt=\"\" class=\"wp-image-354\" srcset=\"https:\/\/melbaconception.fr\/wp-content\/uploads\/2025\/12\/imageHD2025-12-05_015954-1-1024x576.jpg 1024w, https:\/\/melbaconception.fr\/wp-content\/uploads\/2025\/12\/imageHD2025-12-05_015954-1-300x169.jpg 300w, https:\/\/melbaconception.fr\/wp-content\/uploads\/2025\/12\/imageHD2025-12-05_015954-1-768x432.jpg 768w, https:\/\/melbaconception.fr\/wp-content\/uploads\/2025\/12\/imageHD2025-12-05_015954-1-1536x864.jpg 1536w, https:\/\/melbaconception.fr\/wp-content\/uploads\/2025\/12\/imageHD2025-12-05_015954-1.jpg 1920w\" sizes=\"auto, (max-width: 1024px) 100vw, 1024px\" \/><\/figure>\n\n\n\n<p>~~~~~~~~~~~~~~~~~~~~~~~~~~~~~~~~~~~~~~~~~~~~~~~~~~~~~~~~~~~~<\/p>\n\n\n\n<figure class=\"wp-block-image size-large\"><img loading=\"lazy\" decoding=\"async\" width=\"1024\" height=\"576\" src=\"http:\/\/melbaconception.fr\/wp-content\/uploads\/2023\/10\/imageHD2026-02-20_094438-1024x576.jpg\" alt=\"\" class=\"wp-image-401\" srcset=\"https:\/\/melbaconception.fr\/wp-content\/uploads\/2023\/10\/imageHD2026-02-20_094438-1024x576.jpg 1024w, https:\/\/melbaconception.fr\/wp-content\/uploads\/2023\/10\/imageHD2026-02-20_094438-300x169.jpg 300w, https:\/\/melbaconception.fr\/wp-content\/uploads\/2023\/10\/imageHD2026-02-20_094438-768x432.jpg 768w, https:\/\/melbaconception.fr\/wp-content\/uploads\/2023\/10\/imageHD2026-02-20_094438-1536x864.jpg 1536w, https:\/\/melbaconception.fr\/wp-content\/uploads\/2023\/10\/imageHD2026-02-20_094438.jpg 1920w\" sizes=\"auto, (max-width: 1024px) 100vw, 1024px\" \/><\/figure>\n\n\n\n<figure class=\"wp-block-image size-large\"><img loading=\"lazy\" decoding=\"async\" width=\"1024\" height=\"576\" src=\"http:\/\/melbaconception.fr\/wp-content\/uploads\/2025\/11\/imageHD2025-10-31_120730-1024x576.jpg\" alt=\"\" class=\"wp-image-293\" srcset=\"https:\/\/melbaconception.fr\/wp-content\/uploads\/2025\/11\/imageHD2025-10-31_120730-1024x576.jpg 1024w, https:\/\/melbaconception.fr\/wp-content\/uploads\/2025\/11\/imageHD2025-10-31_120730-300x169.jpg 300w, https:\/\/melbaconception.fr\/wp-content\/uploads\/2025\/11\/imageHD2025-10-31_120730-768x432.jpg 768w, https:\/\/melbaconception.fr\/wp-content\/uploads\/2025\/11\/imageHD2025-10-31_120730-1536x864.jpg 1536w, https:\/\/melbaconception.fr\/wp-content\/uploads\/2025\/11\/imageHD2025-10-31_120730.jpg 1920w\" sizes=\"auto, (max-width: 1024px) 100vw, 1024px\" \/><\/figure>\n\n\n\n<p>~~~~~~~~~~~~~~~~~~~~~~~~~~~~~~~~~~~~~~~~~~~~~~~~~~~~~~~~~~~~~<\/p>\n\n\n\n<figure class=\"wp-block-image size-large\"><img loading=\"lazy\" decoding=\"async\" width=\"1024\" height=\"576\" src=\"http:\/\/melbaconception.fr\/wp-content\/uploads\/2023\/10\/imageHD2026-02-27_022440-1024x576.jpg\" alt=\"\" class=\"wp-image-404\" srcset=\"https:\/\/melbaconception.fr\/wp-content\/uploads\/2023\/10\/imageHD2026-02-27_022440-1024x576.jpg 1024w, https:\/\/melbaconception.fr\/wp-content\/uploads\/2023\/10\/imageHD2026-02-27_022440-300x169.jpg 300w, https:\/\/melbaconception.fr\/wp-content\/uploads\/2023\/10\/imageHD2026-02-27_022440-768x432.jpg 768w, https:\/\/melbaconception.fr\/wp-content\/uploads\/2023\/10\/imageHD2026-02-27_022440.jpg 1280w\" sizes=\"auto, (max-width: 1024px) 100vw, 1024px\" \/><\/figure>\n\n\n\n<figure class=\"wp-block-image size-large\"><img loading=\"lazy\" decoding=\"async\" width=\"1024\" height=\"576\" src=\"http:\/\/melbaconception.fr\/wp-content\/uploads\/2025\/11\/imageHD2025-11-05_114630-1024x576.jpg\" alt=\"\" class=\"wp-image-290\" srcset=\"https:\/\/melbaconception.fr\/wp-content\/uploads\/2025\/11\/imageHD2025-11-05_114630-1024x576.jpg 1024w, https:\/\/melbaconception.fr\/wp-content\/uploads\/2025\/11\/imageHD2025-11-05_114630-300x169.jpg 300w, https:\/\/melbaconception.fr\/wp-content\/uploads\/2025\/11\/imageHD2025-11-05_114630-768x432.jpg 768w, https:\/\/melbaconception.fr\/wp-content\/uploads\/2025\/11\/imageHD2025-11-05_114630-1536x864.jpg 1536w, https:\/\/melbaconception.fr\/wp-content\/uploads\/2025\/11\/imageHD2025-11-05_114630.jpg 1920w\" sizes=\"auto, (max-width: 1024px) 100vw, 1024px\" \/><\/figure>\n\n\n\n<p>~~~~~~~~~~~~~~~~~~~~~~~~~~~~~~~~~~~~~~~~~~~~~~~~~~~~~~~~~~~~~<\/p>\n\n\n\n<figure class=\"wp-block-image size-large\"><img loading=\"lazy\" decoding=\"async\" width=\"1024\" height=\"576\" src=\"http:\/\/melbaconception.fr\/wp-content\/uploads\/2025\/11\/imageHD2025-11-07_103353-1024x576.jpg\" alt=\"\" class=\"wp-image-292\" srcset=\"https:\/\/melbaconception.fr\/wp-content\/uploads\/2025\/11\/imageHD2025-11-07_103353-1024x576.jpg 1024w, https:\/\/melbaconception.fr\/wp-content\/uploads\/2025\/11\/imageHD2025-11-07_103353-300x169.jpg 300w, https:\/\/melbaconception.fr\/wp-content\/uploads\/2025\/11\/imageHD2025-11-07_103353-768x432.jpg 768w, https:\/\/melbaconception.fr\/wp-content\/uploads\/2025\/11\/imageHD2025-11-07_103353-1536x864.jpg 1536w, https:\/\/melbaconception.fr\/wp-content\/uploads\/2025\/11\/imageHD2025-11-07_103353.jpg 1920w\" sizes=\"auto, (max-width: 1024px) 100vw, 1024px\" \/><\/figure>\n\n\n\n<p>~~~~~~~~~~~~~~~~~~~~~~~~~~~~~~~~~~~~~~~~~~~~~~~~~~~~~~~~~~~~~<\/p>\n\n\n\n<figure class=\"wp-block-image size-large\"><img loading=\"lazy\" decoding=\"async\" width=\"1024\" height=\"576\" src=\"http:\/\/melbaconception.fr\/wp-content\/uploads\/2025\/11\/imageHD2025-11-07_101441-1024x576.jpg\" alt=\"\" class=\"wp-image-289\" srcset=\"https:\/\/melbaconception.fr\/wp-content\/uploads\/2025\/11\/imageHD2025-11-07_101441-1024x576.jpg 1024w, https:\/\/melbaconception.fr\/wp-content\/uploads\/2025\/11\/imageHD2025-11-07_101441-300x169.jpg 300w, https:\/\/melbaconception.fr\/wp-content\/uploads\/2025\/11\/imageHD2025-11-07_101441-768x432.jpg 768w, https:\/\/melbaconception.fr\/wp-content\/uploads\/2025\/11\/imageHD2025-11-07_101441-1536x864.jpg 1536w, https:\/\/melbaconception.fr\/wp-content\/uploads\/2025\/11\/imageHD2025-11-07_101441.jpg 1920w\" sizes=\"auto, (max-width: 1024px) 100vw, 1024px\" \/><\/figure>\n","protected":false},"excerpt":{"rendered":"<p>Nous r\u00e9alisons des maisons sur mesure, rectangulaire, en L, en T, et m\u00eame en H&#8230; ~~~~~~~~~~~~~~~~~~~~~~~~~~~~~~~~~~~~~~~~~~~~~~~~~~~~~~~~~~~~~ ~~~~~~~~~~~~~~~~~~~~~~~~~~~~~~~~~~~~~~~~~~~~~~~~~~~~~~~~~~~~ ~~~~~~~~~~~~~~~~~~~~~~~~~~~~~~~~~~~~~~~~~~~~~~~~~~~~~~~~~~~~~ ~~~~~~~~~~~~~~~~~~~~~~~~~~~~~~~~~~~~~~~~~~~~~~~~~~~~~~~~~~~~~ ~~~~~~~~~~~~~~~~~~~~~~~~~~~~~~~~~~~~~~~~~~~~~~~~~~~~~~~~~~~~~<\/p>\n","protected":false},"author":3,"featured_media":0,"parent":0,"menu_order":0,"comment_status":"closed","ping_status":"closed","template":"","meta":{"om_disable_all_campaigns":false,"_monsterinsights_skip_tracking":false,"_monsterinsights_sitenote_active":false,"_monsterinsights_sitenote_note":"","_monsterinsights_sitenote_category":0,"footnotes":""},"class_list":["post-210","page","type-page","status-publish","hentry"],"aioseo_notices":[],"jetpack_sharing_enabled":true,"jetpack-related-posts":[{"id":25,"url":"https:\/\/melbaconception.fr\/index.php\/nos-prestations\/","url_meta":{"origin":210,"position":0},"title":"Nos Prestations :","author":"admin8994","date":"11 octobre 2023","format":false,"excerpt":"~~~~~~~~~~~~~~~~~~~~~~~~~~~~~~~~~~~~~~~~~~~~~~~~~~~~~~~~~~~~ CONSTRUCTION NEUVE Nous prenons en charge tout ce qui fait la complexit\u00e9 d\u2019un projet : \u00c9tapesCe que nous faisonsRecherche terrainS\u00e9lection, analyse, conseils techniquesConceptionPlans, optimisation de l\u2019espace, adaptations sur mesureAdministratifGestion compl\u00e8te du permis + RE2020FinancierDevis, factures, organisation des postesChantierR\u00e9unions + suivi + comptes-rendus r\u00e9guliersAssistance\u00c0 vos c\u00f4t\u00e9s jusqu\u2019\u00e0 la remise des\u2026","rel":"","context":"Article similaire","block_context":{"text":"Article similaire","link":""},"img":{"alt_text":"","src":"","width":0,"height":0},"classes":[]},{"id":62,"url":"https:\/\/melbaconception.fr\/index.php\/notre-mission\/","url_meta":{"origin":210,"position":1},"title":"Notre mission :","author":"admin8994","date":"12 octobre 2023","format":false,"excerpt":"\ud83c\udfe1 Votre projet, notre mission : Construire ou r\u00e9nover un logement n'est pas qu'une \u00e9tape de vie , c'est souvent le projet d'une vie.Chez Melba conception, nous vous accompagnons dans chaque d\u00e9cision, chaque choix et chaque \u00e9tape, avec une volont\u00e9 claire :que vous deveniez propri\u00e9taire sereinement, au prix le plus\u2026","rel":"","context":"Article similaire","block_context":{"text":"Article similaire","link":""},"img":{"alt_text":"","src":"","width":0,"height":0},"classes":[]}],"_links":{"self":[{"href":"https:\/\/melbaconception.fr\/index.php\/wp-json\/wp\/v2\/pages\/210","targetHints":{"allow":["GET"]}}],"collection":[{"href":"https:\/\/melbaconception.fr\/index.php\/wp-json\/wp\/v2\/pages"}],"about":[{"href":"https:\/\/melbaconception.fr\/index.php\/wp-json\/wp\/v2\/types\/page"}],"author":[{"embeddable":true,"href":"https:\/\/melbaconception.fr\/index.php\/wp-json\/wp\/v2\/users\/3"}],"replies":[{"embeddable":true,"href":"https:\/\/melbaconception.fr\/index.php\/wp-json\/wp\/v2\/comments?post=210"}],"version-history":[{"count":6,"href":"https:\/\/melbaconception.fr\/index.php\/wp-json\/wp\/v2\/pages\/210\/revisions"}],"predecessor-version":[{"id":426,"href":"https:\/\/melbaconception.fr\/index.php\/wp-json\/wp\/v2\/pages\/210\/revisions\/426"}],"wp:attachment":[{"href":"https:\/\/melbaconception.fr\/index.php\/wp-json\/wp\/v2\/media?parent=210"}],"curies":[{"name":"wp","href":"https:\/\/api.w.org\/{rel}","templated":true}]}}